{"id":51,"date":"2020-03-23T22:10:20","date_gmt":"2020-03-23T22:10:20","guid":{"rendered":"https:\/\/wordpress.snowtigermartialarts.com\/?page_id=51"},"modified":"2023-12-21T14:30:23","modified_gmt":"2023-12-21T19:30:23","slug":"about-us","status":"publish","type":"page","link":"https:\/\/wordpress.snowtigermartialarts.com\/","title":{"rendered":"About Us | \u00c0 Propos de Nous"},"content":{"rendered":"\n<div class=\"wp-block-columns is-layout-flex wp-container-core-columns-is-layout-9d6595d7 wp-block-columns-is-layout-flex\">\n<div class=\"wp-block-column is-layout-flow wp-block-column-is-layout-flow\" style=\"flex-basis:100%\">\n<div class=\"wp-block-columns is-layout-flex wp-container-core-columns-is-layout-9d6595d7 wp-block-columns-is-layout-flex\">\n<div class=\"wp-block-column is-layout-flow wp-block-column-is-layout-flow\">\n<p><strong><em>Snow Tiger Martial Arts <\/em><\/strong>is an association of affiliated Martial Arts Clubs spread across Eastern and Central Ontario, spanning from Peterborough to Kingston, and from Bancroft to Picton.<\/p>\n\n\n\n<p>We offer instruction in a variety of martial arts styles and systems for everyone to enjoy, including Chito-Ryu Karate, Canadian Jiu-Jitsu, My-Jong Law Horn Kung-Fu, Hsing-I Kung-Fu, Yang-style Tai-Chi-Chuan, Muay Thai, Kali, Kenjutsu, and Kickboxing.<\/p>\n\n\n\n<p class=\"has-text-align-center\"><strong>Everyone is welcome to visit our clubs. You\u2019re sure to find an activity that suits your interests!<\/strong><\/p>\n\n\n\n<p>For more information about the diverse martial arts styles we teach, please explore the following sections:<\/p>\n<\/div>\n\n\n\n<div class=\"wp-block-column is-layout-flow wp-block-column-is-layout-flow\">\n<p><strong><em>Snow Tiger Martial Arts<\/em><\/strong> est une association de clubs d&#8217;arts martiaux affili\u00e9s r\u00e9partis dans l&#8217;Est et le Centre de l&#8217;Ontario, s&#8217;\u00e9tendant de Peterborough \u00e0 Kingston, et de Bancroft \u00e0 Picton.<\/p>\n\n\n\n<p>Nous offrons des cours dans une vari\u00e9t\u00e9 de styles et de syst\u00e8mes d&#8217;arts martiaux pour le plaisir de tous, y compris le Karat\u00e9 Chito-Ryu, le Jiu-Jitsu Canadien, le Kung-Fu My-Jong Law Horn, le Kung-Fu Hsing-I, le Tai-Chi-Chuan de style Yang, le Muay Thai, le Kali, le Kenjutsu et le Kickboxing.<\/p>\n\n\n\n<p><strong>Tout le monde est invit\u00e9 \u00e0 visiter nos clubs. Vous \u00eates s\u00fbr de trouver une activit\u00e9 qui correspond \u00e0 vos int\u00e9r\u00eats!<\/strong><\/p>\n\n\n\n<p>Pour plus d&#8217;informations sur les divers styles d&#8217;arts martiaux que nous enseignons, veuillez explorer les sections suivantes :<\/p>\n<\/div>\n<\/div>\n<\/div>\n<\/div>\n\n\n\n<div class=\"wp-block-buttons has-custom-font-size has-small-font-size is-content-justification-center is-layout-flex wp-container-core-buttons-is-layout-16018d1d wp-block-buttons-is-layout-flex\">\n<div class=\"wp-block-button\"><a class=\"wp-block-button__link wp-element-button\" href=\"https:\/\/wordpress.snowtigermartialarts.com\/?page_id=3125\">Karate<\/a><\/div>\n\n\n\n<div class=\"wp-block-button\"><a class=\"wp-block-button__link wp-element-button\" href=\"https:\/\/wordpress.snowtigermartialarts.com\/?page_id=3130\">Canadian Jiu-Jitsu<\/a><\/div>\n\n\n\n<div class=\"wp-block-button\"><a class=\"wp-block-button__link wp-element-button\" href=\"https:\/\/wordpress.snowtigermartialarts.com\/?page_id=3134\">Tai-Chi<\/a><\/div>\n\n\n\n<div class=\"wp-block-button\"><a class=\"wp-block-button__link wp-element-button\" href=\"https:\/\/wordpress.snowtigermartialarts.com\/?page_id=3137\">My Jong Law Horn<\/a><\/div>\n\n\n\n<div class=\"wp-block-button\"><a class=\"wp-block-button__link wp-element-button\" href=\"https:\/\/wordpress.snowtigermartialarts.com\/?page_id=3142\">Hsing I<\/a><\/div>\n\n\n\n<div class=\"wp-block-button\"><a class=\"wp-block-button__link wp-element-button\" href=\"https:\/\/wordpress.snowtigermartialarts.com\/?page_id=3146\">I Chuan<\/a><\/div>\n\n\n\n<div class=\"wp-block-button\"><a class=\"wp-block-button__link wp-element-button\" href=\"https:\/\/wordpress.snowtigermartialarts.com\/?page_id=3149\">Kenjutsu<\/a><\/div>\n\n\n\n<div class=\"wp-block-button\"><a class=\"wp-block-button__link wp-element-button\" href=\"https:\/\/wordpress.snowtigermartialarts.com\/?page_id=3153\">Chi-Kung<\/a><\/div>\n\n\n\n<div class=\"wp-block-button\"><a class=\"wp-block-button__link wp-element-button\" href=\"https:\/\/wordpress.snowtigermartialarts.com\/?page_id=3156\">Muay Thai<\/a><\/div>\n\n\n\n<div class=\"wp-block-button\"><a class=\"wp-block-button__link wp-element-button\" href=\"https:\/\/wordpress.snowtigermartialarts.com\/?page_id=3160\">Kali<\/a><\/div>\n\n\n\n<div class=\"wp-block-button\"><a class=\"wp-block-button__link wp-element-button\" href=\"https:\/\/wordpress.snowtigermartialarts.com\/?page_id=3164\">Aikido<\/a><\/div>\n<\/div>\n\n\n\n<hr class=\"wp-block-separator has-css-opacity is-style-wide\"\/>\n\n\n<div class=\"wp-block-image\">\n<figure class=\"aligncenter size-large\"><img loading=\"lazy\" decoding=\"async\" width=\"400\" height=\"70\" src=\"https:\/\/wordpress.snowtigermartialarts.com\/wp-content\/uploads\/2020\/04\/hot_press.jpg\" alt=\"\" class=\"wp-image-1384\" srcset=\"https:\/\/wordpress.snowtigermartialarts.com\/wp-content\/uploads\/2020\/04\/hot_press.jpg 400w, https:\/\/wordpress.snowtigermartialarts.com\/wp-content\/uploads\/2020\/04\/hot_press-300x53.jpg 300w\" sizes=\"auto, (max-width: 400px) 100vw, 400px\" \/><\/figure>\n<\/div>\n\n<ul class=\"wp-block-latest-posts__list has-dates wp-block-latest-posts\"><li><a class=\"wp-block-latest-posts__post-title\" href=\"https:\/\/wordpress.snowtigermartialarts.com\/?p=3290\">Canadian Jiu Jitsu Council \u2013 Technical Seminar | Conseil Canadien de Jiu-Jitsu \u2013 S\u00e9minaire technique<\/a><time datetime=\"2026-02-08T20:23:54-05:00\" class=\"wp-block-latest-posts__post-date\">February 8, 2026<\/time><div class=\"wp-block-latest-posts__post-excerpt\">Sunday, April 12, 2026 We are pleased to share that the Canadian Jiu Jitsu Council (CJJ C) will be hosting a Technical Seminar on Sunday, April 12, 2026, from 12:00 noon to 3:00 p.m., at Champions Gymnastics, located at 2410 Lansdowne Street West, Cavan Monaghan, Ontario. This seminar is free to all members of the Canadian Jiu Jitsu Council and provides an excellent opportunity to spend an afternoon exploring the core techniques and principles of traditional Canadian Jiu Jitsu. For students planning to test at the upcoming Spring examinations, attendance is strongly encouraged, as the seminar will help clarify expectations &hellip; <a href=\"https:\/\/wordpress.snowtigermartialarts.com\/?p=3290\">Continue reading <span class=\"meta-nav\">&rarr;<\/span><\/a><\/div><\/li>\n<li><a class=\"wp-block-latest-posts__post-title\" href=\"https:\/\/wordpress.snowtigermartialarts.com\/?p=3286\">In Memoriam: Sensei Murray James Mahoney (1953\u20132026)<\/a><time datetime=\"2026-02-04T12:53:26-05:00\" class=\"wp-block-latest-posts__post-date\">February 4, 2026<\/time><div class=\"wp-block-latest-posts__post-excerpt\">A memorial tribute honouring the life, training, and character of Sensei Murray James Mahoney, a dedicated martial artist and respected member of the Snow Tiger Martial Arts Association and extended dojo community. <a href=\"https:\/\/wordpress.snowtigermartialarts.com\/?p=3286\">Continue reading <span class=\"meta-nav\">&rarr;<\/span><\/a><\/div><\/li>\n<li><a class=\"wp-block-latest-posts__post-title\" href=\"https:\/\/wordpress.snowtigermartialarts.com\/?p=3281\">Closed Door \/ Open Study Class \u2013 Advanced Belt Training Opportunity<\/a><time datetime=\"2025-11-20T10:21:41-05:00\" class=\"wp-block-latest-posts__post-date\">November 20, 2025<\/time><div class=\"wp-block-latest-posts__post-excerpt\">Advanced blue, brown, and black belt Kung Fu and Tai Chi students are invited to focused study sessions on November 30 and December 14 at Tatsu Martial Arts. | Les \u00e9l\u00e8ves avanc\u00e9s (ceintures bleue, brune et noire) en Kung Fu et Tai Chi sont invit\u00e9s \u00e0 des sessions d\u2019\u00e9tude les 30 novembre et 14 d\u00e9cembre au Tatsu Martial Arts. <a href=\"https:\/\/wordpress.snowtigermartialarts.com\/?p=3281\">Continue reading <span class=\"meta-nav\">&rarr;<\/span><\/a><\/div><\/li>\n<li><a class=\"wp-block-latest-posts__post-title\" href=\"https:\/\/wordpress.snowtigermartialarts.com\/?p=3279\">Upcoming Martial Arts Training Seminar \u2013 Saturday, November 29, 2025<\/a><time datetime=\"2025-11-07T10:16:03-05:00\" class=\"wp-block-latest-posts__post-date\">November 7, 2025<\/time><div class=\"wp-block-latest-posts__post-excerpt\">Join us for a full day of martial arts training on November 29, featuring sessions in stand-up striking, fan techniques, and Qigong breathing. | Joignez-vous \u00e0 nous le 29 novembre pour une journ\u00e9e compl\u00e8te d\u2019entra\u00eenement martiale : techniques debout, \u00e9ventail comme arme et Qigong. <a href=\"https:\/\/wordpress.snowtigermartialarts.com\/?p=3279\">Continue reading <span class=\"meta-nav\">&rarr;<\/span><\/a><\/div><\/li>\n<li><a class=\"wp-block-latest-posts__post-title\" href=\"https:\/\/wordpress.snowtigermartialarts.com\/?p=3277\">Congratulations to Sensei Mark Waters \u2013 Promoted to 2nd Dan in Jiu-Jitsu<\/a><time datetime=\"2025-11-02T15:00:00-05:00\" class=\"wp-block-latest-posts__post-date\">November 2, 2025<\/time><div class=\"wp-block-latest-posts__post-excerpt\">A proud announcement celebrating Sensei Mark Waters\u2019 successful grading to 2nd Dan in Jiu-Jitsu, effective 2 November. | Annonce c\u00e9l\u00e9brant la r\u00e9ussite de Sensei Mark Waters, qui a obtenu son 2e dan en Jiu-Jitsu le 2 novembre. <a href=\"https:\/\/wordpress.snowtigermartialarts.com\/?p=3277\">Continue reading <span class=\"meta-nav\">&rarr;<\/span><\/a><\/div><\/li>\n<\/ul>\n\n\n<hr class=\"wp-block-separator has-css-opacity is-style-wide\"\/>\n\n\n<ul class=\"wp-block-latest-posts__list has-dates aligncenter wp-block-latest-posts\"><li><a class=\"wp-block-latest-posts__post-title\" href=\"https:\/\/wordpress.snowtigermartialarts.com\/?p=3290\">Canadian Jiu Jitsu Council \u2013 Technical Seminar | Conseil Canadien de Jiu-Jitsu \u2013 S\u00e9minaire technique<\/a><time datetime=\"2026-02-08T20:23:54-05:00\" class=\"wp-block-latest-posts__post-date\">February 8, 2026<\/time><\/li>\n<li><a class=\"wp-block-latest-posts__post-title\" href=\"https:\/\/wordpress.snowtigermartialarts.com\/?p=3286\">In Memoriam: Sensei Murray James Mahoney (1953\u20132026)<\/a><time datetime=\"2026-02-04T12:53:26-05:00\" class=\"wp-block-latest-posts__post-date\">February 4, 2026<\/time><\/li>\n<li><a class=\"wp-block-latest-posts__post-title\" href=\"https:\/\/wordpress.snowtigermartialarts.com\/?p=3281\">Closed Door \/ Open Study Class \u2013 Advanced Belt Training Opportunity<\/a><time datetime=\"2025-11-20T10:21:41-05:00\" class=\"wp-block-latest-posts__post-date\">November 20, 2025<\/time><\/li>\n<li><a class=\"wp-block-latest-posts__post-title\" href=\"https:\/\/wordpress.snowtigermartialarts.com\/?p=3279\">Upcoming Martial Arts Training Seminar \u2013 Saturday, November 29, 2025<\/a><time datetime=\"2025-11-07T10:16:03-05:00\" class=\"wp-block-latest-posts__post-date\">November 7, 2025<\/time><\/li>\n<li><a class=\"wp-block-latest-posts__post-title\" href=\"https:\/\/wordpress.snowtigermartialarts.com\/?p=3277\">Congratulations to Sensei Mark Waters \u2013 Promoted to 2nd Dan in Jiu-Jitsu<\/a><time datetime=\"2025-11-02T15:00:00-05:00\" class=\"wp-block-latest-posts__post-date\">November 2, 2025<\/time><\/li>\n<li><a class=\"wp-block-latest-posts__post-title\" href=\"https:\/\/wordpress.snowtigermartialarts.com\/?p=3270\">Push Hands Camp 2025 \u2013 Foundations for Better Fighting | Camp de Push Hands 2025 \u2013 Les fondations pour un meilleur combat<\/a><time datetime=\"2025-07-24T14:27:27-04:00\" class=\"wp-block-latest-posts__post-date\">July 24, 2025<\/time><\/li>\n<li><a class=\"wp-block-latest-posts__post-title\" href=\"https:\/\/wordpress.snowtigermartialarts.com\/?p=3263\">Congratulations to Our New Kai Shin Black Belts! | F\u00e9licitations \u00e0 nos nouveaux d\u00e9tenteurs de ceintures noires Kai Shin!<\/a><time datetime=\"2025-07-24T14:12:19-04:00\" class=\"wp-block-latest-posts__post-date\">July 24, 2025<\/time><\/li>\n<li><a class=\"wp-block-latest-posts__post-title\" href=\"https:\/\/wordpress.snowtigermartialarts.com\/?p=3267\">Self-Defense Class \u2013 Learn Practical Techniques That Could Save Your Life | Cours d\u2019autod\u00e9fense \u2013 Apprenez des techniques pratiques qui peuvent sauver des vies<\/a><time datetime=\"2025-07-22T15:10:00-04:00\" class=\"wp-block-latest-posts__post-date\">July 22, 2025<\/time><\/li>\n<li><a class=\"wp-block-latest-posts__post-title\" href=\"https:\/\/wordpress.snowtigermartialarts.com\/?p=3265\">In Memory of Sensei Bruce Stanton | En m\u00e9moire de Sensei Bruce Stanton<\/a><time datetime=\"2025-06-26T20:38:00-04:00\" class=\"wp-block-latest-posts__post-date\">June 26, 2025<\/time><\/li>\n<li><a class=\"wp-block-latest-posts__post-title\" href=\"https:\/\/wordpress.snowtigermartialarts.com\/?p=3252\">Congratulations to our Successful Black Belt Candidates \/ F\u00e9licitations \u00e0 nos candidats ceintures noires r\u00e9ussis<\/a><time datetime=\"2025-04-27T14:06:02-04:00\" class=\"wp-block-latest-posts__post-date\">April 27, 2025<\/time><\/li>\n<\/ul>","protected":false},"excerpt":{"rendered":"<p>Snow Tiger Martial Arts is an association of affiliated Martial Arts Clubs spread across Eastern and Central Ontario, spanning from Peterborough to Kingston, and from Bancroft to Picton. We offer instruction in a variety of martial arts styles and systems &hellip; <a href=\"https:\/\/wordpress.snowtigermartialarts.com\/\">Continue reading <span class=\"meta-nav\">&rarr;<\/span><\/a><\/p>\n","protected":false},"author":1,"featured_media":0,"parent":0,"menu_order":0,"comment_status":"closed","ping_status":"closed","template":"","meta":{"ngg_post_thumbnail":0,"footnotes":""},"class_list":["post-51","page","type-page","status-publish","hentry"],"jetpack_sharing_enabled":true,"_links":{"self":[{"href":"https:\/\/wordpress.snowtigermartialarts.com\/index.php?rest_route=\/wp\/v2\/pages\/51","targetHints":{"allow":["GET"]}}],"collection":[{"href":"https:\/\/wordpress.snowtigermartialarts.com\/index.php?rest_route=\/wp\/v2\/pages"}],"about":[{"href":"https:\/\/wordpress.snowtigermartialarts.com\/index.php?rest_route=\/wp\/v2\/types\/page"}],"author":[{"embeddable":true,"href":"https:\/\/wordpress.snowtigermartialarts.com\/index.php?rest_route=\/wp\/v2\/users\/1"}],"replies":[{"embeddable":true,"href":"https:\/\/wordpress.snowtigermartialarts.com\/index.php?rest_route=%2Fwp%2Fv2%2Fcomments&post=51"}],"version-history":[{"count":18,"href":"https:\/\/wordpress.snowtigermartialarts.com\/index.php?rest_route=\/wp\/v2\/pages\/51\/revisions"}],"predecessor-version":[{"id":3167,"href":"https:\/\/wordpress.snowtigermartialarts.com\/index.php?rest_route=\/wp\/v2\/pages\/51\/revisions\/3167"}],"wp:attachment":[{"href":"https:\/\/wordpress.snowtigermartialarts.com\/index.php?rest_route=%2Fwp%2Fv2%2Fmedia&parent=51"}],"curies":[{"name":"wp","href":"https:\/\/api.w.org\/{rel}","templated":true}]}}